{"id":618,"date":"2018-04-04T19:47:49","date_gmt":"2018-04-04T17:47:49","guid":{"rendered":"http:\/\/petravlek.de\/?page_id=618"},"modified":"2022-04-12T13:16:58","modified_gmt":"2022-04-12T11:16:58","slug":"news","status":"publish","type":"page","link":"https:\/\/petravlek.de\/?page_id=618","title":{"rendered":"News!"},"content":{"rendered":"<p style=\"text-align: center;\"><span style=\"font-size: 20px;\"><strong>Das NASPAN\u00ae Nagelkorrektursystem<\/strong><\/span><\/p>\n<p style=\"text-align: center;\"><span style=\"font-size: 20px;\"><strong><span style=\"font-size: 16px;\">Die erste selbstregulierende Spange gegen den eingewachsenen Fu\u00dfnagel!<br \/>\n<\/span><br \/>\n<\/strong><\/span><\/p>\n<table class=\" aligncenter\" style=\"width: 496px;\">\n<tbody>\n<tr>\n<td style=\"width: 279px;\">\n<p style=\"font-weight: 400; text-align: left;\"><span style=\"font-size: 14px;\"><strong>N<\/strong> \u2013 Neu<br \/>\n<\/span><strong style=\"font-size: 14px;\">A<\/strong><span style=\"font-size: 14px;\"> \u2013 Au\u00dfergew\u00f6nlich<br \/>\n<\/span><span style=\"font-size: 14px;\"><strong>S<\/strong> \u2013 Selbstregulierend<br \/>\n<\/span><span style=\"font-size: 14px;\"><strong>P<\/strong> \u2013 Problemorientiert<br \/>\n<\/span><strong style=\"font-size: 14px;\">A<\/strong><span style=\"font-size: 14px;\"> \u2013 Anspruchsvoll<br \/>\n<\/span><strong style=\"font-size: 14px;\">N<\/strong><span style=\"font-size: 14px;\"> \u2013 Nachhaltig<\/span><\/p>\n<p style=\"font-weight: 400;\"><span style=\"font-size: 14px;\"><strong>Die Besonderheiten <\/p>\n<p><\/strong><\/span><span style=\"font-size: 14px;\">Keine Abdruckabnahme<\/span><\/p>\n<p style=\"font-weight: 400;\"><span style=\"font-size: 14px;\">Komplett vorgefertigte Spange<\/p>\n<p><\/span><span style=\"font-size: 14px;\">Passt sich komplett der Nagelform an<\/p>\n<p><\/span><span style=\"font-size: 14px;\">Einmalige Zug und Hebelwirkung<\/p>\n<p><\/span><span style=\"font-size: 14px;\">Als erste Spange weltweit selbstregulierend<\/p>\n<p><\/span><span style=\"font-size: 14px;\">Bleibt kontinuierlich korrigierend<\/span><\/p>\n<p>&nbsp;<\/p>\n<\/td>\n<td style=\"width: 213px;\">\n<p>&nbsp;<\/p>\n<p>&nbsp;<\/p>\n<p>&nbsp;<\/p>\n<p><a href=\"https:\/\/petravlek.de\/wp-content\/uploads\/2022\/04\/IMG_8790-scaled.jpeg\"><img loading=\"lazy\" decoding=\"async\" class=\"alignright size-medium wp-image-786\" src=\"https:\/\/petravlek.de\/wp-content\/uploads\/2022\/04\/IMG_8790-271x300.jpeg\" alt=\"\" width=\"271\" height=\"300\" srcset=\"https:\/\/petravlek.de\/wp-content\/uploads\/2022\/04\/IMG_8790-271x300.jpeg 271w, https:\/\/petravlek.de\/wp-content\/uploads\/2022\/04\/IMG_8790-927x1024.jpeg 927w, https:\/\/petravlek.de\/wp-content\/uploads\/2022\/04\/IMG_8790-768x849.jpeg 768w, https:\/\/petravlek.de\/wp-content\/uploads\/2022\/04\/IMG_8790-1390x1536.jpeg 1390w, https:\/\/petravlek.de\/wp-content\/uploads\/2022\/04\/IMG_8790-1853x2048.jpeg 1853w\" sizes=\"auto, (max-width: 271px) 100vw, 271px\" \/><\/a><\/p>\n<\/td>\n<\/tr>\n<\/tbody>\n<\/table>\n<p>&nbsp;<\/p>\n<p style=\"text-align: center;\"><a href=\"https:\/\/petravlek.de\/wp-content\/uploads\/2022\/04\/Naspan_Flyer_DIN_lang_4-seitig_RZ_ANSICHT.pdf\">Download offizieller Naspan\u00ae Flyer<\/a><\/p>\n<p style=\"text-align: center;\">\u00a0<\/p>\n<p style=\"text-align: center;\">\u00a0<\/p>\n<p style=\"text-align: center;\">\u00a0<\/p>\n<p style=\"text-align: center;\">\u00a0<\/p>\n<p><a href=\"https:\/\/petravlek.de\/wp-content\/uploads\/2018\/04\/130-TEAM-DR-JOSEPH-Sun-05-1.jpg\"><img loading=\"lazy\" decoding=\"async\" class=\"aligncenter wp-image-621\" src=\"https:\/\/petravlek.de\/wp-content\/uploads\/2018\/04\/130-TEAM-DR-JOSEPH-Sun-05-1-300x210.jpg\" alt=\"\" width=\"600\" height=\"421\" srcset=\"https:\/\/petravlek.de\/wp-content\/uploads\/2018\/04\/130-TEAM-DR-JOSEPH-Sun-05-1-300x210.jpg 300w, https:\/\/petravlek.de\/wp-content\/uploads\/2018\/04\/130-TEAM-DR-JOSEPH-Sun-05-1-768x539.jpg 768w, https:\/\/petravlek.de\/wp-content\/uploads\/2018\/04\/130-TEAM-DR-JOSEPH-Sun-05-1-1024x718.jpg 1024w\" sizes=\"auto, (max-width: 600px) 100vw, 600px\" \/><\/a><\/p>\n<table class=\" aligncenter\" style=\"width: 800px;\">\n<tbody>\n<tr>\n<td style=\"text-align: justify; width: 1104.5px;\">\n<p><strong><span style=\"font-size: 16px; color: #c40167;\">Hallo, ich bin\u2019s. Dein perfekter Schutz vor den sch\u00e4dlichen Strahlen des Sonnenlichts.<\/span><\/strong><\/p>\n<p><span style=\"font-size: 16px;\"> Mein Geheimnis? Ein zentraler Wirkstoff, welcher aus den Bl\u00fcten des Schmetterlingsflieders gewonnen wird. Dieser bietet Deiner Haut nicht nur optimalen Schutz vor nat\u00fcrlichem, sondern auch vor k\u00fcnstlichem Licht. Denn in einer Zeit, wo unsere Haut durch Flachbildschirme immer mehr dem Blaulicht ausgesetzt ist, welches eine \u00e4hnliche oxidative Wirkung wie UV Licht aufweist, finde ich es besonders wichtig, deine Haut bei lichtbedingtem Photo-Ageing zu pflegen.<\/span><\/p>\n<p><span style=\"font-size: 16px;\"> Das in mir enthaltene Sanddorn\u00f6l ist besonders reich an Vitamin C, E und Beta-Carotin und beg\u00fcnstigt so eine langanhaltende, gesunde Br\u00e4une. Zudem kann es beruhigend wirken und bietet optimale Pflege. Das zellsch\u00fctzende Karotten\u00f6l kann antioxidativ wirken und zur Straffung, Verj\u00fcngung und Erfrischung deiner Haut beitragen. Letztlich sorgt das hochwirksame Pflanzenextrakt der sch\u00fctzenden Malve f\u00fcr ein samtweiches Hautgef\u00fchl. So kann mein wirksamer Sonnenschutzfilter (SPF 30) deine Haut bestm\u00f6glich vor vorzeitiger Hautalterung und unerw\u00fcnschter Pigmentierung sch\u00fctzen. Dabei liegt es mir besonders am Herzen, mich gut auf deiner Haut anzuf\u00fchlen. Deshalb wei\u00dfel ich nicht, dufte dezent und ziehe durch meine angenehm leichte Textur sehr schnell ein.<\/p>\n<p><\/span><\/p>\n<\/td>\n<\/tr>\n<\/tbody>\n<\/table>\n<p>&nbsp;<\/p>\n","protected":false},"excerpt":{"rendered":"<p>Das NASPAN\u00ae Nagelkorrektursystem Die erste selbstregulierende Spange gegen den eingewachsenen Fu\u00dfnagel! N \u2013 Neu A \u2013 Au\u00dfergew\u00f6nlich S \u2013 Selbstregulierend P \u2013 Problemorientiert A \u2013 Anspruchsvoll N \u2013 Nachhaltig Die Besonderheiten Keine Abdruckabnahme Komplett vorgefertigte Spange Passt sich komplett der Nagelform an Einmalige Zug und Hebelwirkung Als erste Spange weltweit selbstregulierend Bleibt kontinuierlich korrigierend &nbsp; [&hellip;]<\/p>\n","protected":false},"author":1,"featured_media":0,"parent":0,"menu_order":0,"comment_status":"closed","ping_status":"closed","template":"","meta":{"footnotes":""},"class_list":["post-618","page","type-page","status-publish","hentry"],"_links":{"self":[{"href":"https:\/\/petravlek.de\/index.php?rest_route=\/wp\/v2\/pages\/618","targetHints":{"allow":["GET"]}}],"collection":[{"href":"https:\/\/petravlek.de\/index.php?rest_route=\/wp\/v2\/pages"}],"about":[{"href":"https:\/\/petravlek.de\/index.php?rest_route=\/wp\/v2\/types\/page"}],"author":[{"embeddable":true,"href":"https:\/\/petravlek.de\/index.php?rest_route=\/wp\/v2\/users\/1"}],"replies":[{"embeddable":true,"href":"https:\/\/petravlek.de\/index.php?rest_route=%2Fwp%2Fv2%2Fcomments&post=618"}],"version-history":[{"count":12,"href":"https:\/\/petravlek.de\/index.php?rest_route=\/wp\/v2\/pages\/618\/revisions"}],"predecessor-version":[{"id":790,"href":"https:\/\/petravlek.de\/index.php?rest_route=\/wp\/v2\/pages\/618\/revisions\/790"}],"wp:attachment":[{"href":"https:\/\/petravlek.de\/index.php?rest_route=%2Fwp%2Fv2%2Fmedia&parent=618"}],"curies":[{"name":"wp","href":"https:\/\/api.w.org\/{rel}","templated":true}]}}