{"id":612,"date":"2018-04-04T20:57:39","date_gmt":"2018-04-04T18:57:39","guid":{"rendered":"http:\/\/petravlek.de\/?page_id=612"},"modified":"2018-04-17T10:18:23","modified_gmt":"2018-04-17T08:18:23","slug":"behandlungen","status":"publish","type":"page","link":"https:\/\/petravlek.de\/?page_id=612","title":{"rendered":"Behandlungen"},"content":{"rendered":"<table class=\" aligncenter\" style=\"width: 800px;\">\n<tbody>\n<tr>\n<td style=\"width: 432.875px;\">\n<p><span style=\"color: #c40167;\"><strong><span style=\"font-size: 20px;\">Intensive\u00a0reinigende Gesichtsbehandlung<\/span><\/strong><\/span><\/p>\n<ul>\n<li><span style=\"font-size: 16px;\">Hautdiagnostik<\/span><\/li>\n<li><span style=\"font-size: 16px;\">lymphstimulierende Massage<\/span><\/li>\n<li><span style=\"font-size: 16px;\">Kr\u00e4uter-Dampfkompressen<\/span><\/li>\n<li><span style=\"font-size: 16px;\">Peeling<\/span><\/li>\n<li><span style=\"font-size: 16px;\">Tiefenreinigung mit Schr\u00f6pfgl\u00e4sern<\/span><\/li>\n<li><span style=\"font-size: 16px;\">Gesichtspackung, Peel Off Maske<\/span><\/li>\n<li><span style=\"font-size: 16px;\">individuelle Tagespflege. Mit hochwirksamen nat\u00fcrlichen<\/span>\u00a0<span style=\"font-size: 16px;\">Aktivstoffen f\u00fcr eine gesunde und <br \/>\n intensiv<\/span>\u00a0<span style=\"font-size: 16px;\">gepflegte Haut.<\/span><\/li>\n<\/ul>\n<p><span style=\"font-size: 16px;\">\u00a0 \u00a0Dauer: 50 Minuten<\/span><\/p>\n<p><strong>\u00a0<\/strong>\u00a0<\/p>\n<p><span style=\"font-size: 20px; color: #c40167;\"><strong>Tiefenwirksame Sch\u00f6nheitspflege<\/strong><\/span><\/p>\n<ul>\n<li><span style=\"font-size: 16px;\">Hautdiagnostik<\/span><\/li>\n<li><span style=\"font-size: 16px;\">lymphstimulierende Massage<\/span><\/li>\n<li><span style=\"font-size: 16px;\">Kr\u00e4uter-Dampfkompressen<\/span><\/li>\n<li><span style=\"font-size: 16px;\">Peeling<\/span><\/li>\n<li><span style=\"font-size: 16px;\">Tiefenreinigung mit Schr\u00f6pfgl\u00e4sern<\/span><\/li>\n<li><span style=\"font-size: 16px;\">Spezial-Serum<\/span><\/li>\n<li><span style=\"font-size: 16px;\">Gesichtsmassage<\/span><\/li>\n<li><span style=\"font-size: 16px;\">Intensivmaske und eine abschlie\u00dfende individuelle<\/span><br \/>\n <span style=\"font-size: 16px;\">Tagespflege. Mit hochwirksamen nat\u00fcrlichen<\/span><br \/>\n <span style=\"font-size: 16px;\">Aktivstoffen f\u00fcr eine gesunde und intensiv<\/span><br \/>\n <span style=\"font-size: 16px;\">gepflegte Haut.<\/span><span style=\"font-size: 12.600000381469727px;\">\u00a0<\/span><\/li>\n<\/ul>\n<p><span style=\"font-size: 16px;\">\u00a0 \u00a0Dauer: 90 Minuten<\/p>\n<p> \u00a0<\/span><\/p>\n<p><span style=\"font-size: 20px; color: #c40167;\"><strong>Intensivbehandlung mit Biodynamischen Lifting<\/strong><\/span><\/p>\n<ul>\n<li><span style=\"font-size: 16px;\">Hautdiagnostik<\/span><\/li>\n<li><span style=\"font-size: 16px;\">lymphstimulierende Massage<\/span><\/li>\n<li><span style=\"font-size: 16px;\">Kr\u00e4uter-Dampfkompressen<\/span><\/li>\n<li><span style=\"font-size: 16px;\">Peeling<\/span><\/li>\n<li><span style=\"font-size: 16px;\">Tiefenreinigung mit Schr\u00f6pfgl\u00e4sern<\/span><\/li>\n<li><span style=\"font-size: 16px;\">Spezial-Serum<\/span><\/li>\n<li><span style=\"font-size: 16px;\">bioenergetischer Bl\u00fctenstempel-Lifting Massage<\/span><\/li>\n<li><span style=\"font-size: 16px;\">Intensivmaske und eine abschlie\u00dfende individuelle Tagespflege.<\/span><br \/>\n <span style=\"font-size: 16px;\">Hightech der Natur f\u00fcr nachhaltige Wirkung, sofortige Sichtbarkeit und maximalen Effekt.<\/span><\/li>\n<\/ul>\n<p><span style=\"font-size: 16px;\">\u00a0 \u00a0Dauer: 110 Minuten<\/span><\/p>\n<p>&nbsp;<\/p>\n<p><span style=\"font-size: 20px; color: #c40167;\"><strong>Express\u00a0Power Lift for Men<\/strong><\/span><\/p>\n<ul>\n<li><span style=\"font-size: 16px;\">Hautdiagnostik<\/span><\/li>\n<li><span style=\"font-size: 16px;\">lymphstimulierende Massage<\/span><\/li>\n<li><span style=\"font-size: 16px;\">Kr\u00e4uter-Dampfkompressen<\/span><\/li>\n<li><span style=\"font-size: 16px;\">Peeling<\/span><\/li>\n<li><span style=\"font-size: 16px;\">Tiefenreinigung,<\/span><\/li>\n<li><span style=\"font-size: 16px;\">Spezial-Serum,<\/span><\/li>\n<li><span style=\"font-size: 16px;\">Intensivmaske mit Gesichtsmassage<\/span><\/li>\n<li><span style=\"font-size: 16px;\">individuelle Tagespflege. Mit hochwirksamen nat\u00fcrlichen<\/span>\u00a0<span style=\"font-size: 16px;\">Aktivstoffen f\u00fcr eine gesunde und <br \/>\n intensiv<\/span>\u00a0<span style=\"font-size: 16px;\">gepflegte Haut.<\/span><\/li>\n<\/ul>\n<p><span style=\"font-size: 16px;\">\u00a0 \u00a0Dauer: 50 Minuten<\/span><\/p>\n<p>&nbsp;<\/p>\n<\/td>\n<td style=\"width: 364.125px;\">\n<p>&nbsp;<\/p>\n<p>&nbsp;<\/p>\n<p>&nbsp;<\/p>\n<p>&nbsp;<\/p>\n<p>&nbsp;<\/p>\n<p><a href=\"https:\/\/petravlek.de\/wp-content\/uploads\/2018\/03\/Teamdrjosef_Skin-Care_Mask_klein.jpg\"><img loading=\"lazy\" decoding=\"async\" class=\"size-medium wp-image-512 aligncenter\" src=\"https:\/\/petravlek.de\/wp-content\/uploads\/2018\/03\/Teamdrjosef_Skin-Care_Mask_klein-210x300.jpg\" alt=\"\" width=\"210\" height=\"300\" srcset=\"https:\/\/petravlek.de\/wp-content\/uploads\/2018\/03\/Teamdrjosef_Skin-Care_Mask_klein-210x300.jpg 210w, https:\/\/petravlek.de\/wp-content\/uploads\/2018\/03\/Teamdrjosef_Skin-Care_Mask_klein-768x1096.jpg 768w, https:\/\/petravlek.de\/wp-content\/uploads\/2018\/03\/Teamdrjosef_Skin-Care_Mask_klein-717x1024.jpg 717w, https:\/\/petravlek.de\/wp-content\/uploads\/2018\/03\/Teamdrjosef_Skin-Care_Mask_klein.jpg 877w\" sizes=\"auto, (max-width: 210px) 100vw, 210px\" \/><\/a><\/p>\n<p>&nbsp;<\/p>\n<p>&nbsp;<\/p>\n<p>&nbsp;<\/p>\n<p>&nbsp;<\/p>\n<p>&nbsp;<\/p>\n<p>&nbsp;<\/p>\n<p><a href=\"https:\/\/petravlek.de\/wp-content\/uploads\/2015\/05\/Kosmetik.png\"><img loading=\"lazy\" decoding=\"async\" class=\"size-medium wp-image-35 aligncenter\" src=\"https:\/\/petravlek.de\/wp-content\/uploads\/2015\/05\/Kosmetik-221x300.png\" alt=\"\" width=\"221\" height=\"300\" srcset=\"https:\/\/petravlek.de\/wp-content\/uploads\/2015\/05\/Kosmetik-221x300.png 221w, https:\/\/petravlek.de\/wp-content\/uploads\/2015\/05\/Kosmetik.png 365w\" sizes=\"auto, (max-width: 221px) 100vw, 221px\" \/><\/a><\/p>\n<\/td>\n<\/tr>\n<\/tbody>\n<\/table>\n<p>&nbsp;<\/p>\n<table class=\" aligncenter\" style=\"width: 800px;\">\n<tbody>\n<tr>\n<td>\n<p><span style=\"font-size: 20px;\"><strong>Strahlender Teint mit Ultraschallbehandlung f\u00fcrs Gesicht<\/strong><\/span><\/p>\n<p><span style=\"font-size: 16px;\">Eine bioenergetische Lymphdrainage und der Ultraschall bewirkt eine tiefgreifende Strukturverbesserung des Gewebes. Er beg\u00fcnstigt den Stoffwechsel der Zellen, regt den Abfluss der Lymphe und Zirkulation des Blutes an, intensiviert das Einschleusen von Wirkstoffen, unterst\u00fctzt die Tiefenreinigung und hat eine gl\u00e4ttende Wirkung.<\/span><\/p>\n<p>&nbsp;<\/p>\n<\/td>\n<\/tr>\n<\/tbody>\n<\/table>\n","protected":false},"excerpt":{"rendered":"<p>Intensive\u00a0reinigende Gesichtsbehandlung Hautdiagnostik lymphstimulierende Massage Kr\u00e4uter-Dampfkompressen Peeling Tiefenreinigung mit Schr\u00f6pfgl\u00e4sern Gesichtspackung, Peel Off Maske individuelle Tagespflege. Mit hochwirksamen nat\u00fcrlichen\u00a0Aktivstoffen f\u00fcr eine gesunde und intensiv\u00a0gepflegte Haut. \u00a0 \u00a0Dauer: 50 Minuten \u00a0\u00a0 Tiefenwirksame Sch\u00f6nheitspflege Hautdiagnostik lymphstimulierende Massage Kr\u00e4uter-Dampfkompressen Peeling Tiefenreinigung mit Schr\u00f6pfgl\u00e4sern Spezial-Serum Gesichtsmassage Intensivmaske und eine abschlie\u00dfende individuelle Tagespflege. Mit hochwirksamen nat\u00fcrlichen Aktivstoffen f\u00fcr eine gesunde [&hellip;]<\/p>\n","protected":false},"author":1,"featured_media":0,"parent":0,"menu_order":0,"comment_status":"closed","ping_status":"closed","template":"","meta":{"footnotes":""},"class_list":["post-612","page","type-page","status-publish","hentry"],"_links":{"self":[{"href":"https:\/\/petravlek.de\/index.php?rest_route=\/wp\/v2\/pages\/612","targetHints":{"allow":["GET"]}}],"collection":[{"href":"https:\/\/petravlek.de\/index.php?rest_route=\/wp\/v2\/pages"}],"about":[{"href":"https:\/\/petravlek.de\/index.php?rest_route=\/wp\/v2\/types\/page"}],"author":[{"embeddable":true,"href":"https:\/\/petravlek.de\/index.php?rest_route=\/wp\/v2\/users\/1"}],"replies":[{"embeddable":true,"href":"https:\/\/petravlek.de\/index.php?rest_route=%2Fwp%2Fv2%2Fcomments&post=612"}],"version-history":[{"count":24,"href":"https:\/\/petravlek.de\/index.php?rest_route=\/wp\/v2\/pages\/612\/revisions"}],"predecessor-version":[{"id":679,"href":"https:\/\/petravlek.de\/index.php?rest_route=\/wp\/v2\/pages\/612\/revisions\/679"}],"wp:attachment":[{"href":"https:\/\/petravlek.de\/index.php?rest_route=%2Fwp%2Fv2%2Fmedia&parent=612"}],"curies":[{"name":"wp","href":"https:\/\/api.w.org\/{rel}","templated":true}]}}