{"id":435,"date":"2015-10-27T22:47:56","date_gmt":"2015-10-27T20:47:56","guid":{"rendered":"http:\/\/petravlek.de\/?page_id=435"},"modified":"2018-04-04T22:26:20","modified_gmt":"2018-04-04T20:26:20","slug":"herzlich-willkommen","status":"publish","type":"page","link":"https:\/\/petravlek.de\/","title":{"rendered":"Herzlich willkommen!"},"content":{"rendered":"<p>&nbsp;<\/p>\n<p style=\"text-align: justify;\"><span style=\"font-size: 16px;\"><a href=\"https:\/\/petravlek.de\/wp-content\/uploads\/2018\/04\/18089-16_Datei.jpg\"><img loading=\"lazy\" decoding=\"async\" class=\"alignright wp-image-608\" src=\"https:\/\/petravlek.de\/wp-content\/uploads\/2018\/04\/18089-16_Datei-1024x682.jpg\" alt=\"\" width=\"450\" height=\"300\" srcset=\"https:\/\/petravlek.de\/wp-content\/uploads\/2018\/04\/18089-16_Datei-1024x682.jpg 1024w, https:\/\/petravlek.de\/wp-content\/uploads\/2018\/04\/18089-16_Datei-300x200.jpg 300w, https:\/\/petravlek.de\/wp-content\/uploads\/2018\/04\/18089-16_Datei-768x511.jpg 768w\" sizes=\"auto, (max-width: 450px) 100vw, 450px\" \/><\/a>Seit\u00a0Jahrzehnten besch\u00e4ftige ich mich mit der ganzheitlichen Gesundheitslehre.\u00a0Dazu z\u00e4hlt f\u00fcr mich diegesunde Ern\u00e4hrung, Fasten und Bewegung.\u00a0<\/span><span style=\"font-size: 16px;\">Aber auch ein gro\u00dfes Thema ist die gesunde und nat\u00fcrliche Hautpflege.<br \/>\n <\/span><span style=\"font-size: 16px;\">Sch\u00f6nheit bedeutet f\u00fcr mich auch, sich ganzheitlich Wohlf\u00fchlen-in-der-eigenen Haut. Gepflegte, gesunde Haut\u00a0wirkt strahlender als jeder Glamour.\u00a0<\/span><span style=\"font-size: 16px;\">Deshalb lege ich bei meinen entspannenden Behandlungen gro\u00dfen\u00a0Wert auf ausschlie\u00dflich ausgew\u00e4hlte Naturprodukte bester Inhaltsstoffe, frei von\u00a0irritierenden F\u00fcll- und Reizstoffen. Eben nur das Beste f\u00fcr Sie. <\/span><\/p>\n<p><span style=\"font-size: 16px;\">Ihre W\u00fcnsche sind f\u00fcr mich das Ma\u00df, an\u00a0dem ich mich orientiere damit Sie sich rundum wohlf\u00fchlen.<\/span><\/p>\n<p style=\"text-align: justify;\"><span style=\"font-size: 16px;\">\u00a0<\/span><span style=\"color: #c40167;\"><strong><span style=\"font-size: 16px;\">Petra Vlek<\/span><\/strong><\/span><\/p>\n","protected":false},"excerpt":{"rendered":"<p>&nbsp; Seit\u00a0Jahrzehnten besch\u00e4ftige ich mich mit der ganzheitlichen Gesundheitslehre.\u00a0Dazu z\u00e4hlt f\u00fcr mich diegesunde Ern\u00e4hrung, Fasten und Bewegung.\u00a0Aber auch ein gro\u00dfes Thema ist die gesunde und nat\u00fcrliche Hautpflege. Sch\u00f6nheit bedeutet f\u00fcr mich auch, sich ganzheitlich Wohlf\u00fchlen-in-der-eigenen Haut. Gepflegte, gesunde Haut\u00a0wirkt strahlender als jeder Glamour.\u00a0Deshalb lege ich bei meinen entspannenden Behandlungen gro\u00dfen\u00a0Wert auf ausschlie\u00dflich ausgew\u00e4hlte Naturprodukte bester [&hellip;]<\/p>\n","protected":false},"author":1,"featured_media":0,"parent":0,"menu_order":0,"comment_status":"closed","ping_status":"closed","template":"","meta":{"footnotes":""},"class_list":["post-435","page","type-page","status-publish","hentry"],"_links":{"self":[{"href":"https:\/\/petravlek.de\/index.php?rest_route=\/wp\/v2\/pages\/435","targetHints":{"allow":["GET"]}}],"collection":[{"href":"https:\/\/petravlek.de\/index.php?rest_route=\/wp\/v2\/pages"}],"about":[{"href":"https:\/\/petravlek.de\/index.php?rest_route=\/wp\/v2\/types\/page"}],"author":[{"embeddable":true,"href":"https:\/\/petravlek.de\/index.php?rest_route=\/wp\/v2\/users\/1"}],"replies":[{"embeddable":true,"href":"https:\/\/petravlek.de\/index.php?rest_route=%2Fwp%2Fv2%2Fcomments&post=435"}],"version-history":[{"count":16,"href":"https:\/\/petravlek.de\/index.php?rest_route=\/wp\/v2\/pages\/435\/revisions"}],"predecessor-version":[{"id":677,"href":"https:\/\/petravlek.de\/index.php?rest_route=\/wp\/v2\/pages\/435\/revisions\/677"}],"wp:attachment":[{"href":"https:\/\/petravlek.de\/index.php?rest_route=%2Fwp%2Fv2%2Fmedia&parent=435"}],"curies":[{"name":"wp","href":"https:\/\/api.w.org\/{rel}","templated":true}]}}