{"id":375,"date":"2015-10-27T22:03:08","date_gmt":"2015-10-27T20:03:08","guid":{"rendered":"http:\/\/petravlek.de\/?page_id=375"},"modified":"2018-04-04T15:56:55","modified_gmt":"2018-04-04T13:56:55","slug":"impressum","status":"publish","type":"page","link":"https:\/\/petravlek.de\/?page_id=375","title":{"rendered":"Impressum"},"content":{"rendered":"<p><span style=\"font-size: 16px;\"><strong><span style=\"color: #c40167;\">Betreiber und Kontakt:<\/span><br \/>\n<\/strong><\/span><span style=\"font-size: 16px;\">Petra Vlek<br \/>\n<\/span><span style=\"font-size: 16px;\"><br \/>\n<\/span><span style=\"font-size: 16px;\">Erlenweg 3b<br \/>\n<\/span><span style=\"font-size: 16px;\">D-67459 B\u00f6hl-Iggelheim<br \/>\n<\/span><span style=\"font-size: 16px;\">Telefon: 06324 &#8211;\u00a0646 60<br \/>\n<\/span><span style=\"font-size: 16px;\">Fax: 06324 &#8211; 708 0802<br \/>\n<\/span><span style=\"font-size: 16px;\">E-Mail: info(at)petravlek.de<\/span><\/p>\n<p><span style=\"font-size: 16px; color: #c40167;\"><strong>Verantwortliche f\u00fcr journalistisch-redaktionelle Inhalte gem. \u00a7 55 II RstV:<\/strong><\/span><br \/>\n<span style=\"font-size: 16px;\"> Petra Vlek<\/span><\/p>\n<p><span style=\"font-size: 16px;\"><strong style=\"font-size: 16px;\"><span style=\"color: #c40167;\">Haftung f\u00fcr Links:<\/span><br \/>\n<\/strong>Petra Vlek distanziert sich ausdr\u00fccklich von allen Inhalten, verlinkter Seiten und Grafiken und macht sich diese keinesfalls zu eigen. S\u00e4mtliche Verst\u00f6\u00dfe gegen geltendes Recht, Sitte oder Moral, welche bekannt werden, haben sofortige L\u00f6schung von Links, Eintr\u00e4gen, Grafiken oder \u00e4hnlichem zur Folge.<\/span><\/p>\n<p>\n<span style=\"font-size: 16px; color: #c40167;\"> <strong>Urheber- und Kennzeichenrecht:<\/strong><\/span><br \/>\n<span style=\"font-size: 16px;\"> Das gesamte Design inklusive Layout-, Schrift- und Farbgestaltung sowie alle Texte und Grafiken dieser Website sind mit allen Rechten vorbehalten. Jegliche Art der Kopie (auch Papierausdruck), die nicht zum Zweck der pers\u00f6nlichen Verwendung stattfindet, bedarf der ausdr\u00fccklichen schriftlichen Genehmigung der Fasten-Wander-Zentrale und ist in allen anderen F\u00e4llen untersagt. Zuwiderhandlungen werden strafrechtlich verfolgt.\u00a0Alle innerhalb des Internetangebotes genannten und ggf. durch Dritte gesch\u00fctzten Marken und Warenzeichen unterliegen uneingeschr\u00e4nkt den Bestimmungen des jeweils g\u00fcltigen Kennzeichenrechts und den Besitzrechten der jeweiligen eingetragenen Eigent\u00fcmer\/innen. Allein aufgrund der blo\u00dfen Nennung ist nicht der Schluss zu ziehen, dass Markenzeichen nicht durch Rechte Dritter gesch\u00fctzt sind.<br \/>\n<\/span><\/p>\n","protected":false},"excerpt":{"rendered":"<p>Betreiber und Kontakt: Petra Vlek Erlenweg 3b D-67459 B\u00f6hl-Iggelheim Telefon: 06324 &#8211;\u00a0646 60 Fax: 06324 &#8211; 708 0802 E-Mail: info(at)petravlek.de Verantwortliche f\u00fcr journalistisch-redaktionelle Inhalte gem. \u00a7 55 II RstV: Petra Vlek Haftung f\u00fcr Links: Petra Vlek distanziert sich ausdr\u00fccklich von allen Inhalten, verlinkter Seiten und Grafiken und macht sich diese keinesfalls zu eigen. S\u00e4mtliche Verst\u00f6\u00dfe [&hellip;]<\/p>\n","protected":false},"author":1,"featured_media":0,"parent":387,"menu_order":2,"comment_status":"closed","ping_status":"closed","template":"","meta":{"footnotes":""},"class_list":["post-375","page","type-page","status-publish","hentry"],"_links":{"self":[{"href":"https:\/\/petravlek.de\/index.php?rest_route=\/wp\/v2\/pages\/375","targetHints":{"allow":["GET"]}}],"collection":[{"href":"https:\/\/petravlek.de\/index.php?rest_route=\/wp\/v2\/pages"}],"about":[{"href":"https:\/\/petravlek.de\/index.php?rest_route=\/wp\/v2\/types\/page"}],"author":[{"embeddable":true,"href":"https:\/\/petravlek.de\/index.php?rest_route=\/wp\/v2\/users\/1"}],"replies":[{"embeddable":true,"href":"https:\/\/petravlek.de\/index.php?rest_route=%2Fwp%2Fv2%2Fcomments&post=375"}],"version-history":[{"count":13,"href":"https:\/\/petravlek.de\/index.php?rest_route=\/wp\/v2\/pages\/375\/revisions"}],"predecessor-version":[{"id":606,"href":"https:\/\/petravlek.de\/index.php?rest_route=\/wp\/v2\/pages\/375\/revisions\/606"}],"up":[{"embeddable":true,"href":"https:\/\/petravlek.de\/index.php?rest_route=\/wp\/v2\/pages\/387"}],"wp:attachment":[{"href":"https:\/\/petravlek.de\/index.php?rest_route=%2Fwp%2Fv2%2Fmedia&parent=375"}],"curies":[{"name":"wp","href":"https:\/\/api.w.org\/{rel}","templated":true}]}}