{"id":175,"date":"2015-10-27T11:12:28","date_gmt":"2015-10-27T09:12:28","guid":{"rendered":"http:\/\/petravlek.de\/?page_id=175"},"modified":"2022-08-04T14:22:46","modified_gmt":"2022-08-04T12:22:46","slug":"fach-fusspflege-2","status":"publish","type":"page","link":"https:\/\/petravlek.de\/?page_id=175","title":{"rendered":"Fach-Fu\u00dfpflege"},"content":{"rendered":"<p style=\"line-height: 1.1;\"><a href=\"https:\/\/petravlek.de\/wp-content\/uploads\/2015\/05\/Fussspflege.png\"><img loading=\"lazy\" decoding=\"async\" class=\"alignright size-full wp-image-31\" src=\"https:\/\/petravlek.de\/wp-content\/uploads\/2015\/05\/Fussspflege.png\" alt=\"Fussspflege\" width=\"422\" height=\"486\" srcset=\"https:\/\/petravlek.de\/wp-content\/uploads\/2015\/05\/Fussspflege.png 422w, https:\/\/petravlek.de\/wp-content\/uploads\/2015\/05\/Fussspflege-260x300.png 260w\" sizes=\"auto, (max-width: 422px) 100vw, 422px\" \/><\/a> <span style=\"font-size: 12pt;\"><span style=\"color: #c40167;\"><strong>Eine Wohltat f\u00fcr Ihre F\u00fc\u00dfe<\/strong><\/span> <br \/>\nErleben Sie selbst, wie angenehm und wohltuend eine Fu\u00dfpflege ist. Nach der Behandlung schwebt Ihr K\u00f6rper wieder mit Ihren sch\u00f6nen, gepflegten F\u00fc\u00dfen, die Sie auch gerne ohne Schuhe zeigen. Ein gepflegter Fu\u00df ist ein gesunder Fu\u00df \u2013 und f\u00fcr den Zweiten gilt das auch.<\/span><\/p>\n<p style=\"line-height: 1.1;\"><span style=\"font-size: 12pt;\">Je fr\u00fcher mit einer fachgerechten und gezielten Fu\u00dfpflege begonnen wird, desto eher besteht die M\u00f6glichkeit diversen Fu\u00dfkrankheiten vorbeugend entgegenzutreten. Unangenehme und teilweise schmerzvolle Beschwerden wie H\u00fchneraugen, eingewachsene Zehnn\u00e4gel, Nagel- und Hautpilz, Fu\u00dffehlstellungen, und Warzen, k\u00f6nnen fr\u00fch erkannt werden und eine dementsprechende evtl. auch \u00e4rztliche Behandlung zeitgerecht eingeleitet werden. Der rhythmisch sich wiederholende Besuch bei einer Fu\u00dfpflegerin ist demnach ein wichtiger Beitrag f\u00fcr die Gesunderhaltung Ihrer F\u00fc\u00dfe, und somit auch verantwortlich f\u00fcr das Wohlbefinden Ihres K\u00f6rpers.<\/span><\/p>\n<p style=\"line-height: 1.1;\"><span style=\"font-size: 12pt;\">Ich verwende nur Naturpflegeprodukte ohne Erd\u00f6lprodukte, ohne Rohstoffe vom toten Tier, ohne k\u00fcnstliche Konservierungsstoffe.<\/span><\/p>\n<p style=\"line-height: 1.1;\"><span style=\"font-size: 12pt;\">Sie stehen t\u00e4glich mehrere Stunden auf Ihren F\u00fc\u00dfen und gehen im Laufe Ihres Lebens unz\u00e4hlige Kilometer mit ihnen. Die F\u00fc\u00dfe geh\u00f6ren zu unseren wichtigsten K\u00f6rperteilen. Gesund gepflegte F\u00fc\u00dfe sind f\u00fcr unser allgemeines Wohlbefinden essentiell. Daher sollten wir unseren F\u00fc\u00dfen mehr Aufmerksamkeit widmen.<\/span><\/p>\n<p><span style=\"font-size: 12pt;\">Ich sorge f\u00fcr eine professionelle Behandlung, die Ihren F\u00fc\u00dfen die erforderliche Pflege zukommen l\u00e4sst.<\/span><\/p>\n","protected":false},"excerpt":{"rendered":"<p>Eine Wohltat f\u00fcr Ihre F\u00fc\u00dfe Erleben Sie selbst, wie angenehm und wohltuend eine Fu\u00dfpflege ist. Nach der Behandlung schwebt Ihr K\u00f6rper wieder mit Ihren sch\u00f6nen, gepflegten F\u00fc\u00dfen, die Sie auch gerne ohne Schuhe zeigen. Ein gepflegter Fu\u00df ist ein gesunder Fu\u00df \u2013 und f\u00fcr den Zweiten gilt das auch. Je fr\u00fcher mit einer fachgerechten und [&hellip;]<\/p>\n","protected":false},"author":1,"featured_media":0,"parent":0,"menu_order":1,"comment_status":"closed","ping_status":"closed","template":"","meta":{"footnotes":""},"class_list":["post-175","page","type-page","status-publish","hentry"],"_links":{"self":[{"href":"https:\/\/petravlek.de\/index.php?rest_route=\/wp\/v2\/pages\/175","targetHints":{"allow":["GET"]}}],"collection":[{"href":"https:\/\/petravlek.de\/index.php?rest_route=\/wp\/v2\/pages"}],"about":[{"href":"https:\/\/petravlek.de\/index.php?rest_route=\/wp\/v2\/types\/page"}],"author":[{"embeddable":true,"href":"https:\/\/petravlek.de\/index.php?rest_route=\/wp\/v2\/users\/1"}],"replies":[{"embeddable":true,"href":"https:\/\/petravlek.de\/index.php?rest_route=%2Fwp%2Fv2%2Fcomments&post=175"}],"version-history":[{"count":26,"href":"https:\/\/petravlek.de\/index.php?rest_route=\/wp\/v2\/pages\/175\/revisions"}],"predecessor-version":[{"id":793,"href":"https:\/\/petravlek.de\/index.php?rest_route=\/wp\/v2\/pages\/175\/revisions\/793"}],"wp:attachment":[{"href":"https:\/\/petravlek.de\/index.php?rest_route=%2Fwp%2Fv2%2Fmedia&parent=175"}],"curies":[{"name":"wp","href":"https:\/\/api.w.org\/{rel}","templated":true}]}}