{"id":100,"date":"2015-10-27T11:13:52","date_gmt":"2015-10-27T09:13:52","guid":{"rendered":"http:\/\/petravlek.de\/?page_id=100"},"modified":"2026-03-24T10:48:31","modified_gmt":"2026-03-24T08:48:31","slug":"naturkosmetik","status":"publish","type":"page","link":"https:\/\/petravlek.de\/?page_id=100","title":{"rendered":"Naturkosmetik"},"content":{"rendered":"<div class=\"page\" title=\"Page 2\">\n<div class=\"layoutArea\">\n<div>\u00a0<\/div>\n<div>\u00a0<\/div>\n<div><a href=\"https:\/\/petravlek.de\/wp-content\/uploads\/2018\/03\/022-Teamdrjoseph-Product-overview-Kopie.jpg\"><img loading=\"lazy\" decoding=\"async\" class=\"size-full wp-image-584 aligncenter\" src=\"https:\/\/petravlek.de\/wp-content\/uploads\/2018\/03\/022-Teamdrjoseph-Product-overview-Kopie.jpg\" alt=\"\" width=\"1030\" height=\"488\" srcset=\"https:\/\/petravlek.de\/wp-content\/uploads\/2018\/03\/022-Teamdrjoseph-Product-overview-Kopie.jpg 1030w, https:\/\/petravlek.de\/wp-content\/uploads\/2018\/03\/022-Teamdrjoseph-Product-overview-Kopie-300x142.jpg 300w, https:\/\/petravlek.de\/wp-content\/uploads\/2018\/03\/022-Teamdrjoseph-Product-overview-Kopie-768x364.jpg 768w, https:\/\/petravlek.de\/wp-content\/uploads\/2018\/03\/022-Teamdrjoseph-Product-overview-Kopie-1024x485.jpg 1024w\" sizes=\"auto, (max-width: 1030px) 100vw, 1030px\" \/><\/a><\/div>\n<div class=\"column\"><span style=\"font-size: 16px;\"><strong><span style=\"color: #000000;\">Ich habe mich f\u00fcr die biozertifizierte Kosmetik von <span style=\"color: #c40167;\">TEAM DR JOSEPH<\/span> entschieden, weil dieser S\u00fcdtiroler Hersteller die Wirkstoffe der Natur mit neuester Verfahren veredelt und sie in Harmonie mit traditionellem Wissen zu ganzheitlichen Produkten und Anwendungen vereint. In ihnen steckt somit 100% Natur, die unseren K\u00f6rper unterst\u00fctzt. <span style=\"color: #c40167;\">TEAM DR JOSEPH<\/span>\u00a0verk\u00f6rpert nicht nur Nachhaltigkeit und Naturverbundenheit, sondern auch Wirksamkeit.<\/span><span style=\"color: #ff6600;\"><a href=\"https:\/\/petravlek.de\/wp-content\/uploads\/2018\/03\/022-Teamdrjoseph-Product-overview-Kopie.jpg\"><br \/>\n<\/a><\/span><\/strong><\/span><\/div>\n<div class=\"column\">\n<p>&nbsp;<\/p>\n<\/div>\n<div class=\"column\"><a href=\"https:\/\/petravlek.de\/wp-content\/uploads\/2018\/03\/Beautyforum16_3000-0421.jpg\"><img loading=\"lazy\" decoding=\"async\" class=\"aligncenter wp-image-576\" src=\"https:\/\/petravlek.de\/wp-content\/uploads\/2018\/03\/Beautyforum16_3000-0421.jpg\" alt=\"\" width=\"384\" height=\"256\" srcset=\"https:\/\/petravlek.de\/wp-content\/uploads\/2018\/03\/Beautyforum16_3000-0421.jpg 3000w, https:\/\/petravlek.de\/wp-content\/uploads\/2018\/03\/Beautyforum16_3000-0421-300x200.jpg 300w, https:\/\/petravlek.de\/wp-content\/uploads\/2018\/03\/Beautyforum16_3000-0421-768x512.jpg 768w, https:\/\/petravlek.de\/wp-content\/uploads\/2018\/03\/Beautyforum16_3000-0421-1024x683.jpg 1024w\" sizes=\"auto, (max-width: 384px) 100vw, 384px\" \/><\/a><\/div>\n<div>\u00a0<\/div>\n<div>\u00a0<\/div>\n<div>\u00a0<\/div>\n<div>\u00a0<\/div>\n<div class=\"column\"><strong><span style=\"font-size: 16px;\"><span style=\"color: #000000;\"><span style=\"color: #c40167;\">TEAM DR JOSEPH<\/span><\/span> wurde als Gewinner des Wellness &amp; Spa Innovation Awards, des SPA Diamond Awards und des European Health &amp; Spa Awards in der Kategorie \u201e Best Cosmetic Product Innovation 2017\u201c ausgezeichnet.<\/span><\/strong><\/div>\n<\/div>\n<div>\u00a0<\/div>\n<div class=\"layoutArea\">\n<div><a href=\"https:\/\/petravlek.de\/wp-content\/uploads\/2018\/03\/TEAM-DR-JOSEPH-Products-03.jpg\"><img loading=\"lazy\" decoding=\"async\" class=\"aligncenter wp-image-579\" src=\"https:\/\/petravlek.de\/wp-content\/uploads\/2018\/03\/TEAM-DR-JOSEPH-Products-03-300x200.jpg\" alt=\"\" width=\"384\" height=\"256\" srcset=\"https:\/\/petravlek.de\/wp-content\/uploads\/2018\/03\/TEAM-DR-JOSEPH-Products-03-300x200.jpg 300w, https:\/\/petravlek.de\/wp-content\/uploads\/2018\/03\/TEAM-DR-JOSEPH-Products-03-768x512.jpg 768w, https:\/\/petravlek.de\/wp-content\/uploads\/2018\/03\/TEAM-DR-JOSEPH-Products-03-1024x683.jpg 1024w\" sizes=\"auto, (max-width: 384px) 100vw, 384px\" \/><\/a><\/p>\n<p>&nbsp;<\/p>\n<p style=\"text-align: justify;\"><strong><span style=\"font-size: 16px;\">Eine gesunde und strahlende Haut f\u00e4llt nicht vom Himmel.<\/span>\u00a0<span style=\"font-size: 16px;\">Vielmehr ist sie das Ergebnis des Zusammenspiels aus einem ausgewogenen Lebensstil, schonender Reinigung und angemessener Pflege. Der erste Schritt zu einer gesunden und vitalen Haut besteht darin, ihre Anspr\u00fcche kennenzulernen.<\/span>\u00a0<span style=\"font-size: 16px;\">Die Wahl der richtigen Hautpflegeprodukte ist von elementarer Bedeutung.<\/p>\n<p><\/span><\/strong><strong><span style=\"font-size: 16px;\">Sp\u00fcren Sie selbst, wie sich beste Qualit\u00e4t auf Ihrer Haut anf\u00fchlt.<\/p>\n<p><\/span><\/strong><strong style=\"font-size: 14px;\"><span style=\"font-size: 16px;\">Die Anwendung der Produkte, auch f\u00fcr zu Hause, ist einfach und unkompliziert.<\/p>\n<p><\/span><\/strong><\/p>\n<\/div>\n<p>&nbsp;<\/p>\n<\/div>\n<p><a href=\"https:\/\/petravlek.de\/wp-content\/uploads\/2018\/03\/TEAM_DR_JOSEPH_Display-with-products.jpg\"><img loading=\"lazy\" decoding=\"async\" class=\"aligncenter wp-image-593\" src=\"https:\/\/petravlek.de\/wp-content\/uploads\/2018\/03\/TEAM_DR_JOSEPH_Display-with-products-770x1024.jpg\" alt=\"\" width=\"406\" height=\"540\" srcset=\"https:\/\/petravlek.de\/wp-content\/uploads\/2018\/03\/TEAM_DR_JOSEPH_Display-with-products-770x1024.jpg 770w, https:\/\/petravlek.de\/wp-content\/uploads\/2018\/03\/TEAM_DR_JOSEPH_Display-with-products-226x300.jpg 226w, https:\/\/petravlek.de\/wp-content\/uploads\/2018\/03\/TEAM_DR_JOSEPH_Display-with-products-768x1021.jpg 768w, https:\/\/petravlek.de\/wp-content\/uploads\/2018\/03\/TEAM_DR_JOSEPH_Display-with-products.jpg 1914w\" sizes=\"auto, (max-width: 406px) 100vw, 406px\" \/><\/a><\/p>\n<\/div>\n","protected":false},"excerpt":{"rendered":"<p>\u00a0 \u00a0 Ich habe mich f\u00fcr die biozertifizierte Kosmetik von TEAM DR JOSEPH entschieden, weil dieser S\u00fcdtiroler Hersteller die Wirkstoffe der Natur mit neuester Verfahren veredelt und sie in Harmonie mit traditionellem Wissen zu ganzheitlichen Produkten und Anwendungen vereint. In ihnen steckt somit 100% Natur, die unseren K\u00f6rper unterst\u00fctzt. TEAM DR JOSEPH\u00a0verk\u00f6rpert nicht nur Nachhaltigkeit [&hellip;]<\/p>\n","protected":false},"author":1,"featured_media":0,"parent":0,"menu_order":2,"comment_status":"closed","ping_status":"closed","template":"","meta":{"footnotes":""},"class_list":["post-100","page","type-page","status-publish","hentry"],"_links":{"self":[{"href":"https:\/\/petravlek.de\/index.php?rest_route=\/wp\/v2\/pages\/100","targetHints":{"allow":["GET"]}}],"collection":[{"href":"https:\/\/petravlek.de\/index.php?rest_route=\/wp\/v2\/pages"}],"about":[{"href":"https:\/\/petravlek.de\/index.php?rest_route=\/wp\/v2\/types\/page"}],"author":[{"embeddable":true,"href":"https:\/\/petravlek.de\/index.php?rest_route=\/wp\/v2\/users\/1"}],"replies":[{"embeddable":true,"href":"https:\/\/petravlek.de\/index.php?rest_route=%2Fwp%2Fv2%2Fcomments&post=100"}],"version-history":[{"count":43,"href":"https:\/\/petravlek.de\/index.php?rest_route=\/wp\/v2\/pages\/100\/revisions"}],"predecessor-version":[{"id":803,"href":"https:\/\/petravlek.de\/index.php?rest_route=\/wp\/v2\/pages\/100\/revisions\/803"}],"wp:attachment":[{"href":"https:\/\/petravlek.de\/index.php?rest_route=%2Fwp%2Fv2%2Fmedia&parent=100"}],"curies":[{"name":"wp","href":"https:\/\/api.w.org\/{rel}","templated":true}]}}